{"id":4601,"date":"2025-10-20T20:14:22","date_gmt":"2025-10-20T18:14:22","guid":{"rendered":"https:\/\/lysebu.cloud10.nordic.hosting\/produkt\/beer-tasting\/"},"modified":"2026-02-19T15:33:43","modified_gmt":"2026-02-19T14:33:43","slug":"beer-tasting","status":"publish","type":"product","link":"https:\/\/lysebu.no\/en\/produkt\/beer-tasting\/","title":{"rendered":"Beer tasting"},"content":{"rendered":"\t\t<div data-elementor-type=\"product-post\" data-elementor-id=\"4601\" class=\"elementor elementor-4601\" data-elementor-post-type=\"product\">\n\t\t\t\t\t\t<section class=\"elementor-section elementor-top-section elementor-element elementor-element-21b6739 elementor-section-boxed elementor-section-height-default elementor-section-height-default\" data-id=\"21b6739\" data-element_type=\"section\" data-e-type=\"section\">\n\t\t\t\t\t\t<div class=\"elementor-container elementor-column-gap-default\">\n\t\t\t\t\t<div class=\"elementor-column elementor-col-100 elementor-top-column elementor-element elementor-element-ab475c5\" data-id=\"ab475c5\" data-element_type=\"column\" data-e-type=\"column\">\n\t\t\t<div class=\"elementor-widget-wrap elementor-element-populated\">\n\t\t\t\t\t\t<div class=\"elementor-element elementor-element-558cc3b elementor-widget elementor-widget-text-editor\" data-id=\"558cc3b\" data-element_type=\"widget\" data-e-type=\"widget\" data-widget_type=\"text-editor.default\">\n\t\t\t\t\t\t\t\t\t<p>At Lysebu, we brew all the beer we serve to our guests. We brew everything from lagers to doppelbocks and stouts. Our brewmaster Espen, who has worked with beer production for several years with a focus on alternative ingredients, invites you to a beer tasting. Participants will taste four different types of beer from the brewery and receive an interesting and informal introduction to beer brewing, ingredients, and different types of beer.    <\/p><p>8-30 people, approx. 1.5 hours.<br>Price NOK 750 per person. Includes 4 x 2.5 dl. beer and snacks.   <\/p><p>The minimum number of participants is 8.<\/p>\t\t\t\t\t\t\t\t<\/div>\n\t\t\t\t\t<\/div>\n\t\t<\/div>\n\t\t\t\t\t<\/div>\n\t\t<\/section>\n\t\t<div class=\"elementor-element elementor-element-b7c408d e-flex e-con-boxed e-con e-parent\" data-id=\"b7c408d\" data-element_type=\"container\" data-e-type=\"container\">\n\t\t\t\t\t<div class=\"e-con-inner\">\n\t\t\t\t<div class=\"elementor-element elementor-element-7d83b71 elementor-widget elementor-widget-button\" data-id=\"7d83b71\" data-element_type=\"widget\" data-e-type=\"widget\" data-widget_type=\"button.default\">\n\t\t\t\t\t\t\t\t\t\t<a class=\"elementor-button elementor-button-link elementor-size-sm\" href=\"mailto:booking@lysebu.no\">\n\t\t\t\t\t\t<span class=\"elementor-button-content-wrapper\">\n\t\t\t\t\t\t\t\t\t<span class=\"elementor-button-text\">Information and booking<\/span>\n\t\t\t\t\t<\/span>\n\t\t\t\t\t<\/a>\n\t\t\t\t\t\t\t\t<\/div>\n\t\t\t\t\t<\/div>\n\t\t\t\t<\/div>\n\t\t\t\t<\/div>\n\t\t","protected":false},"excerpt":{"rendered":"<p>At Lysebu, we brew all the beer we serve to our guests. We brew everything from lagers to doppelbocks and stouts. Our brewmaster Espen, who has worked with beer production for several years with a focus on alternative ingredients, invites you to a beer tasting. Participants will taste four different types of beer from the&hellip;<\/p>\n","protected":false},"featured_media":4603,"comment_status":"open","ping_status":"closed","template":"","meta":[],"product_brand":[],"product_cat":[52,54],"product_tag":[],"class_list":{"0":"post-4601","1":"product","2":"type-product","3":"status-publish","4":"has-post-thumbnail","6":"product_cat-activities","7":"product_cat-team-building","9":"first","10":"instock","11":"shipping-taxable","12":"product-type-simple"},"yoast_head":"<!-- This site is optimized with the Yoast SEO plugin v27.4 - https:\/\/yoast.com\/product\/yoast-seo-wordpress\/ -->\n<title>Beer tasting - Lysebu hotell<\/title>\n<meta name=\"robots\" content=\"index, follow, max-snippet:-1, max-image-preview:large, max-video-preview:-1\" \/>\n<link rel=\"canonical\" href=\"https:\/\/lysebu.no\/en\/produkt\/beer-tasting\/\" \/>\n<meta property=\"og:locale\" content=\"en_US\" \/>\n<meta property=\"og:type\" content=\"article\" \/>\n<meta property=\"og:title\" content=\"Beer tasting - Lysebu hotell\" \/>\n<meta property=\"og:description\" content=\"At Lysebu, we brew all the beer we serve to our guests. We brew everything from lagers to doppelbocks and stouts. Our brewmaster Espen, who has worked with beer production for several years with a focus on alternative ingredients, invites you to a beer tasting. Participants will taste four different types of beer from the&hellip;\" \/>\n<meta property=\"og:url\" content=\"https:\/\/lysebu.no\/en\/produkt\/beer-tasting\/\" \/>\n<meta property=\"og:site_name\" content=\"Lysebu hotell\" \/>\n<meta property=\"article:modified_time\" content=\"2026-02-19T14:33:43+00:00\" \/>\n<meta property=\"og:image\" content=\"https:\/\/lysebu.no\/wp-content\/uploads\/2025\/10\/beer.jpg\" \/>\n\t<meta property=\"og:image:width\" content=\"1200\" \/>\n\t<meta property=\"og:image:height\" content=\"900\" \/>\n\t<meta property=\"og:image:type\" content=\"image\/jpeg\" \/>\n<meta name=\"twitter:card\" content=\"summary_large_image\" \/>\n<script type=\"application\/ld+json\" class=\"yoast-schema-graph\">{\"@context\":\"https:\\\/\\\/schema.org\",\"@graph\":[{\"@type\":\"WebPage\",\"@id\":\"https:\\\/\\\/lysebu.no\\\/en\\\/produkt\\\/beer-tasting\\\/\",\"url\":\"https:\\\/\\\/lysebu.no\\\/en\\\/produkt\\\/beer-tasting\\\/\",\"name\":\"Beer tasting - Lysebu hotell\",\"isPartOf\":{\"@id\":\"https:\\\/\\\/lysebu.no\\\/en\\\/#website\"},\"primaryImageOfPage\":{\"@id\":\"https:\\\/\\\/lysebu.no\\\/en\\\/produkt\\\/beer-tasting\\\/#primaryimage\"},\"image\":{\"@id\":\"https:\\\/\\\/lysebu.no\\\/en\\\/produkt\\\/beer-tasting\\\/#primaryimage\"},\"thumbnailUrl\":\"https:\\\/\\\/lysebu.no\\\/wp-content\\\/uploads\\\/2025\\\/10\\\/beer.jpg\",\"datePublished\":\"2025-10-20T18:14:22+00:00\",\"dateModified\":\"2026-02-19T14:33:43+00:00\",\"breadcrumb\":{\"@id\":\"https:\\\/\\\/lysebu.no\\\/en\\\/produkt\\\/beer-tasting\\\/#breadcrumb\"},\"inLanguage\":\"en-US\",\"potentialAction\":[{\"@type\":\"ReadAction\",\"target\":[\"https:\\\/\\\/lysebu.no\\\/en\\\/produkt\\\/beer-tasting\\\/\"]}]},{\"@type\":\"ImageObject\",\"inLanguage\":\"en-US\",\"@id\":\"https:\\\/\\\/lysebu.no\\\/en\\\/produkt\\\/beer-tasting\\\/#primaryimage\",\"url\":\"https:\\\/\\\/lysebu.no\\\/wp-content\\\/uploads\\\/2025\\\/10\\\/beer.jpg\",\"contentUrl\":\"https:\\\/\\\/lysebu.no\\\/wp-content\\\/uploads\\\/2025\\\/10\\\/beer.jpg\",\"width\":1200,\"height\":900,\"caption\":\"\u00d8lsmaking p\u00e5 Lysebu med egenbrygget \u00f8l \u2013 en sosial opplevelse knyttet til restaurant og bryggeri.\"},{\"@type\":\"BreadcrumbList\",\"@id\":\"https:\\\/\\\/lysebu.no\\\/en\\\/produkt\\\/beer-tasting\\\/#breadcrumb\",\"itemListElement\":[{\"@type\":\"ListItem\",\"position\":1,\"name\":\"Home\",\"item\":\"https:\\\/\\\/lysebu.no\\\/en\\\/\"},{\"@type\":\"ListItem\",\"position\":2,\"name\":\"Products\",\"item\":\"https:\\\/\\\/lysebu.no\\\/en\\\/shop\\\/\"},{\"@type\":\"ListItem\",\"position\":3,\"name\":\"Beer tasting\"}]},{\"@type\":\"WebSite\",\"@id\":\"https:\\\/\\\/lysebu.no\\\/en\\\/#website\",\"url\":\"https:\\\/\\\/lysebu.no\\\/en\\\/\",\"name\":\"Lysebu hotell\",\"description\":\"\",\"publisher\":{\"@id\":\"https:\\\/\\\/lysebu.no\\\/en\\\/#organization\"},\"potentialAction\":[{\"@type\":\"SearchAction\",\"target\":{\"@type\":\"EntryPoint\",\"urlTemplate\":\"https:\\\/\\\/lysebu.no\\\/en\\\/?s={search_term_string}\"},\"query-input\":{\"@type\":\"PropertyValueSpecification\",\"valueRequired\":true,\"valueName\":\"search_term_string\"}}],\"inLanguage\":\"en-US\"},{\"@type\":\"Organization\",\"@id\":\"https:\\\/\\\/lysebu.no\\\/en\\\/#organization\",\"name\":\"Lysebu hotell\",\"url\":\"https:\\\/\\\/lysebu.no\\\/en\\\/\",\"logo\":{\"@type\":\"ImageObject\",\"inLanguage\":\"en-US\",\"@id\":\"https:\\\/\\\/lysebu.no\\\/en\\\/#\\\/schema\\\/logo\\\/image\\\/\",\"url\":\"https:\\\/\\\/lysebu.no\\\/wp-content\\\/uploads\\\/2021\\\/05\\\/Lysebu_logo_footer_hvit.png\",\"contentUrl\":\"https:\\\/\\\/lysebu.no\\\/wp-content\\\/uploads\\\/2021\\\/05\\\/Lysebu_logo_footer_hvit.png\",\"width\":195,\"height\":91,\"caption\":\"Lysebu hotell\"},\"image\":{\"@id\":\"https:\\\/\\\/lysebu.no\\\/en\\\/#\\\/schema\\\/logo\\\/image\\\/\"}}]}<\/script>\n<!-- \/ Yoast SEO plugin. -->","yoast_head_json":{"title":"Beer tasting - Lysebu hotell","robots":{"index":"index","follow":"follow","max-snippet":"max-snippet:-1","max-image-preview":"max-image-preview:large","max-video-preview":"max-video-preview:-1"},"canonical":"https:\/\/lysebu.no\/en\/produkt\/beer-tasting\/","og_locale":"en_US","og_type":"article","og_title":"Beer tasting - Lysebu hotell","og_description":"At Lysebu, we brew all the beer we serve to our guests. We brew everything from lagers to doppelbocks and stouts. Our brewmaster Espen, who has worked with beer production for several years with a focus on alternative ingredients, invites you to a beer tasting. Participants will taste four different types of beer from the&hellip;","og_url":"https:\/\/lysebu.no\/en\/produkt\/beer-tasting\/","og_site_name":"Lysebu hotell","article_modified_time":"2026-02-19T14:33:43+00:00","og_image":[{"width":1200,"height":900,"url":"https:\/\/lysebu.no\/wp-content\/uploads\/2025\/10\/beer.jpg","type":"image\/jpeg"}],"twitter_card":"summary_large_image","schema":{"@context":"https:\/\/schema.org","@graph":[{"@type":"WebPage","@id":"https:\/\/lysebu.no\/en\/produkt\/beer-tasting\/","url":"https:\/\/lysebu.no\/en\/produkt\/beer-tasting\/","name":"Beer tasting - Lysebu hotell","isPartOf":{"@id":"https:\/\/lysebu.no\/en\/#website"},"primaryImageOfPage":{"@id":"https:\/\/lysebu.no\/en\/produkt\/beer-tasting\/#primaryimage"},"image":{"@id":"https:\/\/lysebu.no\/en\/produkt\/beer-tasting\/#primaryimage"},"thumbnailUrl":"https:\/\/lysebu.no\/wp-content\/uploads\/2025\/10\/beer.jpg","datePublished":"2025-10-20T18:14:22+00:00","dateModified":"2026-02-19T14:33:43+00:00","breadcrumb":{"@id":"https:\/\/lysebu.no\/en\/produkt\/beer-tasting\/#breadcrumb"},"inLanguage":"en-US","potentialAction":[{"@type":"ReadAction","target":["https:\/\/lysebu.no\/en\/produkt\/beer-tasting\/"]}]},{"@type":"ImageObject","inLanguage":"en-US","@id":"https:\/\/lysebu.no\/en\/produkt\/beer-tasting\/#primaryimage","url":"https:\/\/lysebu.no\/wp-content\/uploads\/2025\/10\/beer.jpg","contentUrl":"https:\/\/lysebu.no\/wp-content\/uploads\/2025\/10\/beer.jpg","width":1200,"height":900,"caption":"\u00d8lsmaking p\u00e5 Lysebu med egenbrygget \u00f8l \u2013 en sosial opplevelse knyttet til restaurant og bryggeri."},{"@type":"BreadcrumbList","@id":"https:\/\/lysebu.no\/en\/produkt\/beer-tasting\/#breadcrumb","itemListElement":[{"@type":"ListItem","position":1,"name":"Home","item":"https:\/\/lysebu.no\/en\/"},{"@type":"ListItem","position":2,"name":"Products","item":"https:\/\/lysebu.no\/en\/shop\/"},{"@type":"ListItem","position":3,"name":"Beer tasting"}]},{"@type":"WebSite","@id":"https:\/\/lysebu.no\/en\/#website","url":"https:\/\/lysebu.no\/en\/","name":"Lysebu hotell","description":"","publisher":{"@id":"https:\/\/lysebu.no\/en\/#organization"},"potentialAction":[{"@type":"SearchAction","target":{"@type":"EntryPoint","urlTemplate":"https:\/\/lysebu.no\/en\/?s={search_term_string}"},"query-input":{"@type":"PropertyValueSpecification","valueRequired":true,"valueName":"search_term_string"}}],"inLanguage":"en-US"},{"@type":"Organization","@id":"https:\/\/lysebu.no\/en\/#organization","name":"Lysebu hotell","url":"https:\/\/lysebu.no\/en\/","logo":{"@type":"ImageObject","inLanguage":"en-US","@id":"https:\/\/lysebu.no\/en\/#\/schema\/logo\/image\/","url":"https:\/\/lysebu.no\/wp-content\/uploads\/2021\/05\/Lysebu_logo_footer_hvit.png","contentUrl":"https:\/\/lysebu.no\/wp-content\/uploads\/2021\/05\/Lysebu_logo_footer_hvit.png","width":195,"height":91,"caption":"Lysebu hotell"},"image":{"@id":"https:\/\/lysebu.no\/en\/#\/schema\/logo\/image\/"}}]}},"_links":{"self":[{"href":"https:\/\/lysebu.no\/en\/wp-json\/wp\/v2\/product\/4601","targetHints":{"allow":["GET"]}}],"collection":[{"href":"https:\/\/lysebu.no\/en\/wp-json\/wp\/v2\/product"}],"about":[{"href":"https:\/\/lysebu.no\/en\/wp-json\/wp\/v2\/types\/product"}],"replies":[{"embeddable":true,"href":"https:\/\/lysebu.no\/en\/wp-json\/wp\/v2\/comments?post=4601"}],"version-history":[{"count":3,"href":"https:\/\/lysebu.no\/en\/wp-json\/wp\/v2\/product\/4601\/revisions"}],"predecessor-version":[{"id":5483,"href":"https:\/\/lysebu.no\/en\/wp-json\/wp\/v2\/product\/4601\/revisions\/5483"}],"wp:featuredmedia":[{"embeddable":true,"href":"https:\/\/lysebu.no\/en\/wp-json\/wp\/v2\/media\/4603"}],"wp:attachment":[{"href":"https:\/\/lysebu.no\/en\/wp-json\/wp\/v2\/media?parent=4601"}],"wp:term":[{"taxonomy":"product_brand","embeddable":true,"href":"https:\/\/lysebu.no\/en\/wp-json\/wp\/v2\/product_brand?post=4601"},{"taxonomy":"product_cat","embeddable":true,"href":"https:\/\/lysebu.no\/en\/wp-json\/wp\/v2\/product_cat?post=4601"},{"taxonomy":"product_tag","embeddable":true,"href":"https:\/\/lysebu.no\/en\/wp-json\/wp\/v2\/product_tag?post=4601"}],"curies":[{"name":"wp","href":"https:\/\/api.w.org\/{rel}","templated":true}]}}